{"id":101142,"date":"2024-08-26T22:11:32","date_gmt":"2024-08-26T20:11:32","guid":{"rendered":"https:\/\/gsscert.pl\/regulations-and-privacy-policy\/"},"modified":"2024-10-15T19:20:04","modified_gmt":"2024-10-15T17:20:04","slug":"regulations-and-privacy-policy","status":"publish","type":"page","link":"https:\/\/gsscert.pl\/en\/regulations-and-privacy-policy\/","title":{"rendered":"Regulations and privacy policy"},"content":{"rendered":"<p>[et_pb_section fb_built=&#8221;1&#8243; _builder_version=&#8221;4.27.0&#8243; _module_preset=&#8221;default&#8221; global_colors_info=&#8221;{}&#8221;][et_pb_row _builder_version=&#8221;4.27.0&#8243; _module_preset=&#8221;default&#8221; custom_margin=&#8221;||2.75%||false|false&#8221; global_colors_info=&#8221;{}&#8221;][et_pb_column type=&#8221;4_4&#8243; _builder_version=&#8221;4.27.0&#8243; _module_preset=&#8221;default&#8221; global_colors_info=&#8221;{}&#8221;][et_pb_text _builder_version=&#8221;4.27.0&#8243; _module_preset=&#8221;default&#8221; global_colors_info=&#8221;{}&#8221;]<\/p>\n<h2>Regulations<\/h2>\n<p>[\/et_pb_text][\/et_pb_column][\/et_pb_row][et_pb_row column_structure=&#8221;1_2,1_2&#8243; _builder_version=&#8221;4.27.0&#8243; _module_preset=&#8221;default&#8221; global_colors_info=&#8221;{}&#8221;][et_pb_column type=&#8221;1_2&#8243; _builder_version=&#8221;4.27.0&#8243; _module_preset=&#8221;default&#8221; global_colors_info=&#8221;{}&#8221;][et_pb_text _builder_version=&#8221;4.27.0&#8243; _module_preset=&#8221;default&#8221; global_colors_info=&#8221;{}&#8221;]<\/p>\n<h3>PL<\/h3>\n<p>[\/et_pb_text][et_pb_text _builder_version=&#8221;4.27.0&#8243; _module_preset=&#8221;default&#8221; global_colors_info=&#8221;{}&#8221;]<\/p>\n<ul>\n<li><a href=\"https:\/\/gsscert.pl\/wp-content\/uploads\/2024\/08\/DEFINICJE-REGULAMIN-GSS-CERT.pdf\">DEFINICJE REGULAMIN GSS CERT.pdf (279.51 Kb)<\/a><\/li>\n<li><a href=\"https:\/\/gsscert.pl\/wp-content\/uploads\/2024\/08\/JEDNOSTKI-GSS-REGULAMIN-GSS-CERT.pdf\">JEDNOSTKI GSS REGULAMIN GSS CERT.pdf (187.93 Kb)<\/a><\/li>\n<li><a href=\"https:\/\/gsscert.pl\/wp-content\/uploads\/2024\/08\/OBROT-OGOLNY-REGULAMIN-GSS-CERT.pdf\">OBR\u00d3T OG\u00d3LNY REGULAMIN GSS CERT.pdf (248.32 Kb)<\/a><\/li>\n<li><a href=\"https:\/\/gsscert.pl\/wp-content\/uploads\/2024\/08\/OGOLNY-REGULAMIN-GSS-CERT.pdf\">OG\u00d3LNY REGULAMIN GSS CERT.pdf (223.37 Kb)<\/a><\/li>\n<li><a href=\"https:\/\/gsscert.pl\/wp-content\/uploads\/2024\/08\/OKRES-KREDYTOWANIA-W-SYSTEMIE-GSS-CERT.pdf\">OKRES KREDYTOWANIA W SYSTEMIE GSS CERT.pdf (202.97 Kb)<\/a><\/li>\n<li><a href=\"https:\/\/gsscert.pl\/wp-content\/uploads\/2024\/08\/REJESTR-REGULAMIN-GSS-CERT.pdf\">REJESTR REGULAMIN GSS CERT.pdf (233.65 Kb)<\/a><\/li>\n<li><a href=\"https:\/\/gsscert.pl\/wp-content\/uploads\/2024\/08\/RODO-REGULAMIN-GSS-CERT.pdf\">RODO REGULAMIN GSS CERT.pdf (212.02 Kb)<\/a><\/li>\n<li><a href=\"https:\/\/gsscert.pl\/wp-content\/uploads\/2024\/08\/Tabela-oplat-i-prowizji.pdf\">Tabela op\u0142at i prowizji.pdf (144.5 Kb)<\/a><\/li>\n<li><a href=\"https:\/\/gsscert.pl\/wp-content\/uploads\/2024\/08\/UCZESTNICTWO-REGULAMIN-GSS-CERT.pdf\">UCZESTNICTWO REGULAMIN GSS CERT.pdf (268.03 Kb)<\/a><\/li>\n<\/ul>\n<p>[\/et_pb_text][\/et_pb_column][et_pb_column type=&#8221;1_2&#8243; _builder_version=&#8221;4.27.0&#8243; _module_preset=&#8221;default&#8221; global_colors_info=&#8221;{}&#8221;][et_pb_text _builder_version=&#8221;4.27.0&#8243; _module_preset=&#8221;default&#8221; global_colors_info=&#8221;{}&#8221;]<\/p>\n<h3>EN<\/h3>\n<p>[\/et_pb_text][et_pb_text _builder_version=&#8221;4.27.0&#8243; _module_preset=&#8221;default&#8221; global_colors_info=&#8221;{}&#8221;]<\/p>\n<ul>\n<li>\n    <a href=\"https:\/\/gsscert.pl\/wp-content\/uploads\/2024\/08\/CREDITING-PERIOD-IN-THE-GSS-CERT-SYSTEM-EN.pdf\">CREDITING PERIOD IN THE GSS CERT SYSTEM EN.pdf (187.72 Kb)<\/a>\n  <\/li>\n<li>\n    <a href=\"https:\/\/gsscert.pl\/wp-content\/uploads\/2024\/08\/DEFINITIONS-REGULATIONS-GSS-CERT-SYSTEM-EN.pdf\">DEFINITIONS REGULATIONS GSS CERT SYSTEM EN.pdf (267.4 Kb)<\/a>\n  <\/li>\n<li>\n    <a href=\"https:\/\/gsscert.pl\/wp-content\/uploads\/2024\/08\/GDPR-REGULATIONS-GSS-CERT-SYSTEM-EN.pdf\">GDPR REGULATIONS GSS CERT SYSTEM EN.pdf (206.54 Kb)<\/a>\n  <\/li>\n<li>\n    <a href=\"https:\/\/gsscert.pl\/wp-content\/uploads\/2024\/08\/GENERAL-REGULATIONS-GSS-CERT-SYSTEM-EN.pdf\">GENERAL REGULATIONS GSS CERT SYSTEM EN.pdf (218 Kb)<\/a>\n  <\/li>\n<li>\n    <a href=\"https:\/\/gsscert.pl\/wp-content\/uploads\/2024\/08\/GSS-UNITS-REGULATIONS-GSS-CERT-SYSTEM-EN.pdf\">GSS UNITS REGULATIONS GSS CERT SYSTEM EN.pdf (181.92 Kb)<\/a>\n  <\/li>\n<li>\n    <a href=\"https:\/\/gsscert.pl\/wp-content\/uploads\/2024\/08\/PARTICIPATION-REGULATIONS-GSS-CERT-SYSTEM-EN.pdf\">PARTICIPATION REGULATIONS GSS CERT SYSTEM EN.pdf (269.42 Kb)<\/a>\n  <\/li>\n<li>\n    <a href=\"https:\/\/gsscert.pl\/wp-content\/uploads\/2024\/08\/REGISTER-REGULATIONS-GSS-CERT-SYSTEM-EN.pdf\">REGISTER REGULATIONS GSS CERT SYSTEM EN.pdf (225.59 Kb)<\/a>\n  <\/li>\n<li>\n    <a href=\"https:\/\/gsscert.pl\/wp-content\/uploads\/2024\/08\/TRADING-REGULATIONS-GSS-CERT-SYSTEM-EN.pdf\">TRADING REGULATIONS GSS CERT SYSTEM EN.pdf (249.42 Kb)<\/a>\n  <\/li>\n<li>\n    <a href=\"https:\/\/gsscert.pl\/wp-content\/uploads\/2024\/08\/Table-of-Fees-and-Charges.pdf\">Table of Fees and Charges.pdf (143.1 Kb)<\/a>\n  <\/li>\n<\/ul>\n<p>[\/et_pb_text][\/et_pb_column][\/et_pb_row][\/et_pb_section][et_pb_section fb_built=&#8221;1&#8243; _builder_version=&#8221;4.27.0&#8243; _module_preset=&#8221;default&#8221; global_colors_info=&#8221;{}&#8221;][et_pb_row _builder_version=&#8221;4.27.0&#8243; _module_preset=&#8221;default&#8221; custom_margin=&#8221;||2.75%||false|false&#8221; global_colors_info=&#8221;{}&#8221;][et_pb_column type=&#8221;4_4&#8243; _builder_version=&#8221;4.27.0&#8243; _module_preset=&#8221;default&#8221; global_colors_info=&#8221;{}&#8221;][et_pb_text _builder_version=&#8221;4.27.0&#8243; _module_preset=&#8221;default&#8221; global_colors_info=&#8221;{}&#8221;]<\/p>\n<section class=\"elementor-section elementor-top-section elementor-element elementor-element-607351d elementor-section-boxed elementor-section-height-default elementor-section-height-default\" data-id=\"607351d\" data-element_type=\"section\">\n<div class=\"elementor-container elementor-column-gap-wider\">\n<div class=\"elementor-column elementor-col-100 elementor-top-column elementor-element elementor-element-3b1e75b\" data-id=\"3b1e75b\" data-element_type=\"column\">\n<div class=\"elementor-widget-wrap elementor-element-populated\">\n<div class=\"elementor-element elementor-element-0a7ae0a elementor-widget elementor-widget-heading\" data-id=\"0a7ae0a\" data-element_type=\"widget\" data-widget_type=\"heading.default\">\n<div class=\"elementor-widget-container\">\n<h2 class=\"elementor-heading-title elementor-size-default\">Governance policy<\/h2>\n<\/div>\n<\/div>\n<\/div>\n<\/div>\n<\/div>\n<\/section>\n<p>[\/et_pb_text][\/et_pb_column][\/et_pb_row][et_pb_row column_structure=&#8221;1_2,1_2&#8243; _builder_version=&#8221;4.27.0&#8243; _module_preset=&#8221;default&#8221; global_colors_info=&#8221;{}&#8221;][et_pb_column type=&#8221;1_2&#8243; _builder_version=&#8221;4.27.0&#8243; _module_preset=&#8221;default&#8221; global_colors_info=&#8221;{}&#8221;][et_pb_text _builder_version=&#8221;4.27.0&#8243; _module_preset=&#8221;default&#8221; global_colors_info=&#8221;{}&#8221;]<\/p>\n<div class=\"elementor-column elementor-col-50 elementor-top-column elementor-element elementor-element-c0b0c4e\" data-id=\"c0b0c4e\" data-element_type=\"column\">\n<div class=\"elementor-widget-wrap elementor-element-populated\">\n<div class=\"elementor-element elementor-element-3910555 elementor-widget elementor-widget-text-editor\" data-id=\"3910555\" data-element_type=\"widget\" data-widget_type=\"text-editor.default\">\n<div class=\"elementor-widget-container\">\n<p><strong>When developing the GSS CERT System, we took into account the need to ensure its compliance with applicable laws and standards.<\/strong> Since our stakeholders are primarily companies required to comply with EU mitigation regulations, we placed particular emphasis on meeting the standards set by the European Commission for:<\/p>\n<ol>\n<li>reporting green claims, and<\/li>\n<li>countering the phenomenon of greenwashing (pseudo green marketing).<\/li>\n<\/ol>\n<p>In building the principles of the System\u2019s operation and management, we were guided by the principles set forth in:<\/p>\n<ul>\n<li>ISO 14064-2:2019 Greenhouse gases \u2013 Part 2: Specification and guidelines for quantifying, monitoring and reporting greenhouse gas emission reductions and enhancement of removals,<\/li>\n<li>ISO 14064-3 Greenhouse gases \u2013 Part 3: Specification and guidelines for verification and validation of greenhouse gas claims,<\/li>\n<li>Clean Development Mechanism (CDM) and the Intergovernmental Panel on Climate Change (IPCC).<\/li>\n<\/ul>\n<\/div>\n<\/div>\n<\/div>\n<\/div>\n<p>[\/et_pb_text][\/et_pb_column][et_pb_column type=&#8221;1_2&#8243; _builder_version=&#8221;4.27.0&#8243; _module_preset=&#8221;default&#8221; global_colors_info=&#8221;{}&#8221;][et_pb_text _builder_version=&#8221;4.27.0&#8243; _module_preset=&#8221;default&#8221; global_colors_info=&#8221;{}&#8221;]<\/p>\n<div class=\"elementor-column elementor-col-50 elementor-top-column elementor-element elementor-element-728fef6\" data-id=\"728fef6\" data-element_type=\"column\">\n<div class=\"elementor-widget-wrap elementor-element-populated\">\n<div class=\"elementor-element elementor-element-013ac59 elementor-widget elementor-widget-text-editor\" data-id=\"013ac59\" data-element_type=\"widget\" data-widget_type=\"text-editor.default\">\n<div class=\"elementor-widget-container\">\n<p><strong>In building the rules for the operation and management of the System, we also took into account the provisions:<\/strong><\/p>\n<ul>\n<li>Directive (EU) 2018\/2001 of the European Parliament and of the Council of December 11, 2018 on promoting the use of energy from renewable sources,<\/li>\n<li>Regulation (EU) 2021\/1119 of the European Parliament and of the Council, dated June 30, 2021, on establishing a framework for achieving climate neutrality and amending Regulations (EC) No. 401\/2009 and (EU) 2018\/1999 (European Climate Law)<\/li>\n<li>Regulation (EU) 2018\/841 of the European Parliament and of the Council of May 30, 2018 on the inclusion of greenhouse gas emissions and removals from land use, land use change and forestry activities in the 2030 climate and energy policy framework and amending Regulation (EU) No. 525\/2013 and Decision No. 529\/2013\/EU.<\/li>\n<\/ul>\n<p>In order to ensure that the actions of the Administrator are not arbitrary, the Regulations introduce a mechanism for resolving disputes with the Participants and Users of the System, referred to arbitration conducted before the Court of Arbitration at the National Chamber of Commerce in Warsaw.<\/p>\n<p>The regulations of the GSS CERT System contain detailed procedures by which all entities participating in and using the System are bound.<\/p>\n<\/div>\n<\/div>\n<\/div>\n<\/div>\n<p>[\/et_pb_text][\/et_pb_column][\/et_pb_row][\/et_pb_section][et_pb_section fb_built=&#8221;1&#8243; _builder_version=&#8221;4.27.0&#8243; _module_preset=&#8221;default&#8221; global_colors_info=&#8221;{}&#8221;][et_pb_row _builder_version=&#8221;4.27.0&#8243; _module_preset=&#8221;default&#8221; global_colors_info=&#8221;{}&#8221;][et_pb_column type=&#8221;4_4&#8243; _builder_version=&#8221;4.27.0&#8243; _module_preset=&#8221;default&#8221; global_colors_info=&#8221;{}&#8221;][et_pb_text _builder_version=&#8221;4.27.0&#8243; _module_preset=&#8221;default&#8221; global_colors_info=&#8221;{}&#8221;]<\/p>\n<h2>Methodology<\/h2>\n<p>[\/et_pb_text][et_pb_text _builder_version=&#8221;4.27.0&#8243; _module_preset=&#8221;default&#8221; global_colors_info=&#8221;{}&#8221;]<\/p>\n<ul>\n<li>\n    <a href=\"https:\/\/gsscert.pl\/wp-content\/uploads\/2024\/08\/Additionality-in-GSS-CERT-BIOGAS.pdf\"><\/a>Additionality in GSS CERT BIOGAS.pdf (775.75 Kb)<\/li>\n<li>\n    <a href=\"https:\/\/gsscert.pl\/wp-content\/uploads\/2024\/08\/FRAMEWORK-CRITERIA-FOR-PROJECTS-UNDER-THE-GSS-CERT-SCHEME.pdf\"><\/a>FRAMEWORK CRITERIA FOR PROJECTS UNDER THE GSS CERT SCHEME.pdf (768.96 Kb)<\/li>\n<li>\n    <a href=\"https:\/\/gsscert.pl\/wp-content\/uploads\/2024\/08\/GSS-CERT-BIOGAS-BARRIERS.pdf\">GSS CERT &#8211; BIOGAS BARRIERS.pdf (72.84 Kb)<\/a><\/li>\n<li>\n    <a href=\"https:\/\/gsscert.pl\/wp-content\/uploads\/2024\/08\/GSS-CERT-SYSTEM-BOOK-v-1_0.pdf\">GSS CERT SYSTEM BOOK v 1_0.pdf (801.63 Kb)<\/a><\/li>\n<li>\n    <a href=\"https:\/\/gsscert.pl\/wp-content\/uploads\/2024\/08\/GSS-CERT-System-requirements-specification-and-risks-analysis.pdf\">GSS CERT System requirements specification and risks analysis.pdf (784.61 Kb)<\/a><\/li>\n<li>\n    <a href=\"https:\/\/gsscert.pl\/wp-content\/uploads\/2024\/08\/RULES-FOR-APPROVAL-OF-VALIDATORS-AND-VERIFIERS.pdf\">RULES FOR APPROVAL OF VALIDATORS AND VERIFIERS.pdf (762.43 Kb)<\/a><\/li>\n<\/ul>\n<p>[\/et_pb_text][\/et_pb_column][\/et_pb_row][\/et_pb_section]<\/p>\n","protected":false},"excerpt":{"rendered":"<p>RegulationsPL DEFINICJE REGULAMIN GSS CERT.pdf (279.51 Kb) JEDNOSTKI GSS REGULAMIN GSS CERT.pdf (187.93 Kb) OBR\u00d3T OG\u00d3LNY REGULAMIN GSS CERT.pdf (248.32 Kb) OG\u00d3LNY REGULAMIN GSS CERT.pdf (223.37 Kb) OKRES KREDYTOWANIA W SYSTEMIE GSS CERT.pdf (202.97 Kb) REJESTR REGULAMIN GSS CERT.pdf (233.65 Kb) RODO REGULAMIN GSS CERT.pdf (212.02 Kb) Tabela op\u0142at i prowizji.pdf (144.5 Kb) UCZESTNICTWO REGULAMIN [&hellip;]<\/p>\n","protected":false},"author":2,"featured_media":0,"parent":0,"menu_order":0,"comment_status":"closed","ping_status":"closed","template":"","meta":{"_et_pb_use_builder":"on","_et_pb_old_content":"","_et_gb_content_width":"","footnotes":""},"class_list":["post-101142","page","type-page","status-publish","hentry"],"_links":{"self":[{"href":"https:\/\/gsscert.pl\/en\/wp-json\/wp\/v2\/pages\/101142","targetHints":{"allow":["GET"]}}],"collection":[{"href":"https:\/\/gsscert.pl\/en\/wp-json\/wp\/v2\/pages"}],"about":[{"href":"https:\/\/gsscert.pl\/en\/wp-json\/wp\/v2\/types\/page"}],"author":[{"embeddable":true,"href":"https:\/\/gsscert.pl\/en\/wp-json\/wp\/v2\/users\/2"}],"replies":[{"embeddable":true,"href":"https:\/\/gsscert.pl\/en\/wp-json\/wp\/v2\/comments?post=101142"}],"version-history":[{"count":5,"href":"https:\/\/gsscert.pl\/en\/wp-json\/wp\/v2\/pages\/101142\/revisions"}],"predecessor-version":[{"id":101151,"href":"https:\/\/gsscert.pl\/en\/wp-json\/wp\/v2\/pages\/101142\/revisions\/101151"}],"wp:attachment":[{"href":"https:\/\/gsscert.pl\/en\/wp-json\/wp\/v2\/media?parent=101142"}],"curies":[{"name":"wp","href":"https:\/\/api.w.org\/{rel}","templated":true}]}}